{"id":718,"date":"2025-03-25T10:11:58","date_gmt":"2025-03-25T10:11:58","guid":{"rendered":"https:\/\/ceosinformatica.com\/?page_id=718"},"modified":"2025-08-27T08:48:51","modified_gmt":"2025-08-27T08:48:51","slug":"nuestros-servicios","status":"publish","type":"page","link":"https:\/\/ceosinformatica.com\/?page_id=718","title":{"rendered":"Nuestros servicios"},"content":{"rendered":"\n<div class=\"wp-block-stackable-subtitle stk-block-subtitle stk-block stk-bd74c6c\" data-block-id=\"bd74c6c\"><p class=\"stk-block-subtitle__text stk-subtitle\"><strong>Ofrecemos soluciones digitales que te ayudar\u00e1n a transformar tu negocio con el Kit Digital.<\/strong><\/p><\/div>\n\n\n\n<p>Desde la creaci\u00f3n de tu p\u00e1gina web hasta la automatizaci\u00f3n de procesos y la gesti\u00f3n de tus clientes, CEOS Inform\u00e1tica te ofrece los servicios m\u00e1s completos para ayudarte a aprovechar las ayudas del Kit Digital.<\/p>\n\n\n\n<div class=\"wp-block-columns is-layout-flex wp-container-core-columns-is-layout-28f84493 wp-block-columns-is-layout-flex\">\n<div class=\"wp-block-column is-layout-flow wp-block-column-is-layout-flow\" style=\"flex-basis:50%\">\n<div class=\"wp-block-stackable-columns stk-block-columns stk-block stk-5627f56\" data-block-id=\"5627f56\"><div class=\"stk-row stk-inner-blocks stk-block-content stk-content-align stk-5627f56-column\">\n<div class=\"wp-block-stackable-column stk-block-column stk-column stk-block stk-0acc15b\" data-v=\"4\" data-block-id=\"0acc15b\"><div class=\"stk-column-wrapper stk-block-column__content stk-container stk-0acc15b-container stk--no-background stk--no-padding\"><div class=\"stk-block-content stk-inner-blocks stk-0acc15b-inner-blocks\">\n<h5 class=\"wp-block-heading\">Sitio Web y Presencia en Internet<\/h5>\n\n\n\n<p><em>Te ayudamos a crear sitios web modernos, accesibles y optimizados para SEO, para que tu empresa tenga presencia en l\u00ednea y atraiga m\u00e1s clientes.<\/em><br><\/p>\n\n\n\n<div style=\"height:2px\" aria-hidden=\"true\" class=\"wp-block-spacer\"><\/div>\n<\/div><\/div><\/div>\n<\/div><\/div>\n<\/div>\n\n\n\n<div class=\"wp-block-column is-layout-flow wp-block-column-is-layout-flow\" style=\"flex-basis:50%\">\n<h5 class=\"wp-block-heading alignwide\">Business intelligence y Anal\u00edtica <\/h5>\n\n\n\n<p>Creaci\u00f3n de paneles de datos estructurados y visuales, integraci\u00f3n de base de datos con otras bases de datos&#8230;<\/p>\n<\/div>\n<\/div>\n\n\n\n<div class=\"wp-block-columns is-layout-flex wp-container-core-columns-is-layout-28f84493 wp-block-columns-is-layout-flex\">\n<div class=\"wp-block-column is-layout-flow wp-block-column-is-layout-flow\">\n<h5 class=\"wp-block-heading\">Gesti\u00f3n de Procesos<\/h5>\n\n\n\n<p>Te ayudamos a automatizar y optimizar los procesos internos de tu empresa, como la facturaci\u00f3n, inventarios y gesti\u00f3n de proyectos.<\/p>\n<\/div>\n\n\n\n<div class=\"wp-block-column is-layout-flow wp-block-column-is-layout-flow\">\n<h5 class=\"wp-block-heading\">Factura Electr\u00f3nica<\/h5>\n\n\n\n<p>Implementamos soluciones para la emisi\u00f3n y almacenamiento de facturas electr\u00f3nicas conforme a la normativa vigente.<\/p>\n<\/div>\n<\/div>\n\n\n\n<div class=\"wp-block-columns is-layout-flex wp-container-core-columns-is-layout-28f84493 wp-block-columns-is-layout-flex\">\n<div class=\"wp-block-column is-layout-flow wp-block-column-is-layout-flow\">\n<h5 class=\"wp-block-heading\">Gesti\u00f3n de Clientes (CRM)<\/h5>\n\n\n\n<p>Mejora la relaci\u00f3n con tus clientes mediante herramientas CRM que facilitan la gesti\u00f3n de contactos y las oportunidades de ventas.<\/p>\n<\/div>\n\n\n\n<div class=\"wp-block-column is-layout-flow wp-block-column-is-layout-flow\">\n<h5 class=\"wp-block-heading\">Puesto de Trabajo Seguro<\/h5>\n\n\n\n<p>Ofrecemos equipos inform\u00e1ticos seguros y soluciones de ciberseguridad para proteger tu empresa y asegurar el rendimiento de tus empleados.<\/p>\n<\/div>\n<\/div>\n\n\n\n<h2 class=\"wp-block-heading\">CONTACTA CON NOSOTROS<\/h2>\n\n\n<div id=\"formulario-contacto\">\n   <div class=\"wpforms-container wpforms-render-modern\" id=\"wpforms-306\"><form id=\"wpforms-form-306\" class=\"wpforms-validate wpforms-form\" data-formid=\"306\" method=\"post\" enctype=\"multipart\/form-data\" action=\"\/index.php?rest_route=%2Fwp%2Fv2%2Fpages%2F718\" data-token=\"7632899c7904294b4e050a05dcb931a0\" data-token-time=\"1776680436\"><noscript class=\"wpforms-error-noscript\">Por favor, activa JavaScript en tu navegador para completar este formulario.<\/noscript><div class=\"wpforms-hidden\" id=\"wpforms-error-noscript\">Por favor, activa JavaScript en tu navegador para completar este formulario.<\/div><div class=\"wpforms-field-container\"><div id=\"wpforms-306-field_0-container\" class=\"wpforms-field wpforms-field-name formulario-contacto\" data-field-id=\"0\"><label class=\"wpforms-field-label\" for=\"wpforms-306-field_0\">Nombre completo <span class=\"wpforms-required-label\" aria-hidden=\"true\">*<\/span><\/label><input type=\"text\" id=\"wpforms-306-field_0\" class=\"wpforms-field-large wpforms-field-required\" name=\"wpforms[fields][0]\" aria-errormessage=\"wpforms-306-field_0-error\" required><\/div><div id=\"wpforms-306-field_2-container\" class=\"wpforms-field wpforms-field-textarea\" data-field-id=\"2\"><label class=\"wpforms-field-label\" for=\"wpforms-306-field_2\">Mensaje <span class=\"wpforms-required-label\" aria-hidden=\"true\">*<\/span><\/label><textarea id=\"wpforms-306-field_2\" class=\"wpforms-field-large wpforms-field-required\" name=\"wpforms[fields][2]\" aria-errormessage=\"wpforms-306-field_2-error\" required><\/textarea><\/div><div id=\"wpforms-306-field_5-container\" class=\"wpforms-field wpforms-field-email\" data-field-id=\"5\"><label class=\"wpforms-field-label\" for=\"wpforms-306-field_5\">Correo electr\u00f3nico <span class=\"wpforms-required-label\" aria-hidden=\"true\">*<\/span><\/label><input type=\"email\" id=\"wpforms-306-field_5\" class=\"wpforms-field-medium wpforms-field-required\" name=\"wpforms[fields][5]\" spellcheck=\"false\" aria-errormessage=\"wpforms-306-field_5-error\" required><\/div><\/div><!-- .wpforms-field-container --><div class=\"wpforms-submit-container\" ><input type=\"hidden\" name=\"wpforms[id]\" value=\"306\"><input type=\"hidden\" name=\"page_title\" value=\"\"><input type=\"hidden\" name=\"page_url\" value=\"https:\/\/ceosinformatica.com\/index.php?rest_route=\/wp\/v2\/pages\/718\"><input type=\"hidden\" name=\"url_referer\" value=\"\"><button type=\"submit\" name=\"wpforms[submit]\" id=\"wpforms-submit-306\" class=\"wpforms-submit\" data-alt-text=\"Enviando...\" data-submit-text=\"Enviar mensaje\" aria-live=\"assertive\" value=\"wpforms-submit\">Enviar mensaje<\/button><\/div><\/form><\/div>  <!-- .wpforms-container -->\n<\/div>\n\n\n\n<p><\/p>\n","protected":false},"excerpt":{"rendered":"<p>Ofrecemos soluciones digitales que te ayudar\u00e1n a transformar tu negocio con el Kit Digital. Desde la creaci\u00f3n de tu p\u00e1gina web hasta la automatizaci\u00f3n de procesos y la gesti\u00f3n de tus clientes, CEOS Inform\u00e1tica te ofrece los servicios m\u00e1s completos para ayudarte a aprovechar las ayudas del Kit Digital. Sitio Web y Presencia en Internet [&hellip;]<\/p>\n","protected":false},"author":1,"featured_media":0,"parent":0,"menu_order":0,"comment_status":"closed","ping_status":"closed","template":"","meta":{"footnotes":""},"class_list":["post-718","page","type-page","status-publish","hentry"],"blocksy_meta":{"page_structure_type":"type-3","styles_descriptor":{"styles":{"desktop":"","tablet":"","mobile":""},"google_fonts":[],"version":6}},"_links":{"self":[{"href":"https:\/\/ceosinformatica.com\/index.php?rest_route=\/wp\/v2\/pages\/718","targetHints":{"allow":["GET"]}}],"collection":[{"href":"https:\/\/ceosinformatica.com\/index.php?rest_route=\/wp\/v2\/pages"}],"about":[{"href":"https:\/\/ceosinformatica.com\/index.php?rest_route=\/wp\/v2\/types\/page"}],"author":[{"embeddable":true,"href":"https:\/\/ceosinformatica.com\/index.php?rest_route=\/wp\/v2\/users\/1"}],"replies":[{"embeddable":true,"href":"https:\/\/ceosinformatica.com\/index.php?rest_route=%2Fwp%2Fv2%2Fcomments&post=718"}],"version-history":[{"count":6,"href":"https:\/\/ceosinformatica.com\/index.php?rest_route=\/wp\/v2\/pages\/718\/revisions"}],"predecessor-version":[{"id":762,"href":"https:\/\/ceosinformatica.com\/index.php?rest_route=\/wp\/v2\/pages\/718\/revisions\/762"}],"wp:attachment":[{"href":"https:\/\/ceosinformatica.com\/index.php?rest_route=%2Fwp%2Fv2%2Fmedia&parent=718"}],"curies":[{"name":"wp","href":"https:\/\/api.w.org\/{rel}","templated":true}]}}